{"id":295,"date":"2012-05-10T09:14:43","date_gmt":"2012-05-10T08:14:43","guid":{"rendered":"http:\/\/www.rv-d.de\/?page_id=295"},"modified":"2024-04-28T20:03:16","modified_gmt":"2024-04-28T18:03:16","slug":"impressum","status":"publish","type":"page","link":"https:\/\/www.reiterverein-dettingen.de\/?page_id=295","title":{"rendered":"Impressum"},"content":{"rendered":"<p>Reiterverein Dettingen am Albuch e.V.<br \/>\nHeinzenweg 3<br \/>\n89547 Gerstetten-Dettingen<\/p>\n<p>2. Vorsitzende<br \/>\nAllein vertretungsberechtigt nach \u00a726 BGB<br \/>\nTanja Horrer<br \/>\nZehntplatz 1<br \/>\n89547 Gerstetten-Dettingen<br \/>\nE-Mail: tanja@reiterverein-dettingen.de<\/p>\n<p>Das Impressum gilt f\u00fcr: http:\/\/www.reiterverein-dettingen.de, http:\/\/www.rv-dettingen.de, http:\/\/www.rv-d.de<\/p>\n<p>Registergericht: Amtsgericht Ulm<br \/>\nRegisternummer: VR 660401<\/p>\n<p>Steuernummer: 64100\/06969<\/p>\n<p>Haftungshinweis: Trotz sorgf\u00e4ltiger inhaltlicher Kontrolle \u00fcbernehmen wir keine Haftung f\u00fcr die Inhalte externer Links. F\u00fcr den Inhalt der verlinkten Seiten sind ausschlie\u00dflich deren Betreiber verantwortlich.<\/p>\n","protected":false},"excerpt":{"rendered":"<p>Reiterverein Dettingen am Albuch e.V. Heinzenweg 3 89547 Gerstetten-Dettingen 2. Vorsitzende Allein vertretungsberechtigt nach \u00a726 BGB Tanja Horrer Zehntplatz 1 89547 Gerstetten-Dettingen E-Mail: tanja@reiterverein-dettingen.de Das Impressum gilt f\u00fcr: http:\/\/www.reiterverein-dettingen.de, http:\/\/www.rv-dettingen.de, http:\/\/www.rv-d.de Registergericht: Amtsgericht Ulm Registernummer: VR 660401 Steuernummer: 64100\/06969 Haftungshinweis: Trotz sorgf\u00e4ltiger inhaltlicher Kontrolle \u00fcbernehmen wir keine Haftung f\u00fcr die Inhalte externer Links. F\u00fcr den Inhalt der verlinkten Seiten sind ausschlie\u00dflich deren Betreiber verantwortlich.<\/p>\n","protected":false},"author":1,"featured_media":0,"parent":0,"menu_order":90,"comment_status":"closed","ping_status":"closed","template":"","meta":{"footnotes":""},"class_list":["post-295","page","type-page","status-publish","hentry"],"_links":{"self":[{"href":"https:\/\/www.reiterverein-dettingen.de\/index.php?rest_route=\/wp\/v2\/pages\/295","targetHints":{"allow":["GET"]}}],"collection":[{"href":"https:\/\/www.reiterverein-dettingen.de\/index.php?rest_route=\/wp\/v2\/pages"}],"about":[{"href":"https:\/\/www.reiterverein-dettingen.de\/index.php?rest_route=\/wp\/v2\/types\/page"}],"author":[{"embeddable":true,"href":"https:\/\/www.reiterverein-dettingen.de\/index.php?rest_route=\/wp\/v2\/users\/1"}],"replies":[{"embeddable":true,"href":"https:\/\/www.reiterverein-dettingen.de\/index.php?rest_route=%2Fwp%2Fv2%2Fcomments&post=295"}],"version-history":[{"count":15,"href":"https:\/\/www.reiterverein-dettingen.de\/index.php?rest_route=\/wp\/v2\/pages\/295\/revisions"}],"predecessor-version":[{"id":4552,"href":"https:\/\/www.reiterverein-dettingen.de\/index.php?rest_route=\/wp\/v2\/pages\/295\/revisions\/4552"}],"wp:attachment":[{"href":"https:\/\/www.reiterverein-dettingen.de\/index.php?rest_route=%2Fwp%2Fv2%2Fmedia&parent=295"}],"curies":[{"name":"wp","href":"https:\/\/api.w.org\/{rel}","templated":true}]}}